{"id":7,"date":"2020-06-01T17:14:39","date_gmt":"2020-06-01T20:14:39","guid":{"rendered":"https:\/\/ocaminhoeducado.com.br\/?page_id=7"},"modified":"2026-04-05T16:31:27","modified_gmt":"2026-04-05T19:31:27","slug":"inicio","status":"publish","type":"page","link":"https:\/\/ocaminhoeducado.com.br\/","title":{"rendered":"IN\u00cdCIO"},"content":{"rendered":"<div class=\"slider-wrapper relative\" id=\"slider-305747526\" >\n    <div class=\"slider slider-nav-circle slider-nav-large slider-nav-light slider-style-normal\"\n        data-flickity-options='{\n            \"cellAlign\": \"center\",\n            \"imagesLoaded\": true,\n            \"lazyLoad\": 1,\n            \"freeScroll\": false,\n            \"wrapAround\": true,\n            \"autoPlay\": 6000,\n            \"pauseAutoPlayOnHover\" : true,\n            \"prevNextButtons\": true,\n            \"contain\" : true,\n            \"adaptiveHeight\" : true,\n            \"dragThreshold\" : 10,\n            \"percentPosition\": true,\n            \"pageDots\": false,\n            \"rightToLeft\": false,\n            \"draggable\": true,\n            \"selectedAttraction\": 0.1,\n            \"parallax\" : 0,\n            \"friction\": 0.6        }'\n        >\n        \n\n  <div class=\"banner has-hover\" id=\"banner-2101997719\">\n          <div class=\"banner-inner fill\">\n        <div class=\"banner-bg fill\" >\n            <div class=\"bg fill bg-fill \"><\/div>\n                                    \n                    <\/div>\n\t\t\n        <div class=\"banner-layers container\">\n            <div class=\"fill banner-link\"><\/div>            \n   <div id=\"text-box-543599792\" class=\"text-box banner-layer x50 md-x50 lg-x50 y50 md-y50 lg-y50 res-text\">\n                     <div data-animate=\"fadeInLeft\">           <div class=\"text-box-content text dark\">\n              \n              <div class=\"text-inner text-center\">\n                  \n\t<div id=\"text-2844836082\" class=\"text\">\n\t\t\n<h2><span style=\"font-size: 120%;\">Educa\u00e7\u00e3o se constr\u00f3i com di\u00e1logo, reflex\u00e3o e compromisso.<\/span><\/h2>\n\t\t\n<style>\n#text-2844836082 {\n  color: #12326b;\n}\n#text-2844836082 > * {\n  color: #12326b;\n}\n<\/style>\n\t<\/div>\n\t\n              <\/div>\n           <\/div>\n       <\/div>                     \n<style>\n#text-box-543599792 .text-box-content {\n  background-color: rgba(255, 255, 255, 0.686);\n  font-size: 71%;\n}\n#text-box-543599792 {\n  width: 88%;\n}\n@media (min-width:550px) {\n  #text-box-543599792 .text-box-content {\n    font-size: 100%;\n  }\n}\n@media (min-width:850px) {\n  #text-box-543599792 {\n    width: 92%;\n  }\n}\n<\/style>\n    <\/div>\n \n        <\/div>\n      <\/div>\n\n            \n<style>\n#banner-2101997719 {\n  padding-top: 230px;\n}\n#banner-2101997719 .bg.bg-loaded {\n  background-image: url(https:\/\/ocaminhoeducado.com.br\/wp-content\/uploads\/2026\/01\/imagem-03.jpeg);\n}\n#banner-2101997719 .bg {\n  background-position: 45% 52%;\n}\n@media (min-width:550px) {\n  #banner-2101997719 {\n    padding-top: 400px;\n  }\n}\n@media (min-width:850px) {\n  #banner-2101997719 {\n    padding-top: 600px;\n  }\n}\n<\/style>\n  <\/div>\n\n\n     <\/div>\n\n     <div class=\"loading-spin dark large centered\"><\/div>\n\n\t<\/div>\n\n\n\n<div id=\"projeto\"><\/div>\n\n\t<section class=\"section\" id=\"section_798721919\">\n\t\t<div class=\"bg section-bg fill bg-fill  bg-loaded\" >\n\n\t\t\t\n\t\t\t\n\t\t\t\n\n\t\t<\/div>\n\n\t\t\n\n\t\t<div class=\"section-content relative\">\n\t\t\t\n\t<div id=\"gap-264254533\" class=\"gap-element clearfix\" style=\"display:block; height:auto;\">\n\t\t\n<style>\n#gap-264254533 {\n  padding-top: 30px;\n}\n<\/style>\n\t<\/div>\n\t\n<div class=\"row align-middle align-center\"  id=\"row-983171266\">\n\n\t<div id=\"col-1505798621\" class=\"col medium-12 small-12 large-6\"  >\n\t\t\t\t<div class=\"col-inner\"  >\n\t\t\t\n\t\t\t\n<div class=\"row\"  id=\"row-413507781\">\n\n\t<div id=\"col-1545969727\" class=\"col medium-6 small-12 large-7\"  data-animate=\"flipInX\">\n\t\t\t\t<div class=\"col-inner\"  >\n\t\t\t\n\t\t\t\n\n  <div class=\"banner has-hover\" id=\"banner-1766849984\">\n          <div class=\"banner-inner fill\">\n        <div class=\"banner-bg fill\" >\n            <div class=\"bg fill bg-fill \"><\/div>\n                                    \n                    <\/div>\n\t\t\n        <div class=\"banner-layers container\">\n            <div class=\"fill banner-link\"><\/div>            \n        <\/div>\n      <\/div>\n\n            \n<style>\n#banner-1766849984 {\n  padding-top: 99.99%;\n  background-color: rgba(0, 0, 0, 0);\n}\n#banner-1766849984 .bg.bg-loaded {\n  background-image: url(https:\/\/ocaminhoeducado.com.br\/wp-content\/uploads\/2026\/02\/O-Projeto-Imagem-2.png);\n}\n@media (min-width:550px) {\n  #banner-1766849984 {\n    padding-top: 150%;\n  }\n}\n@media (min-width:850px) {\n  #banner-1766849984 {\n    padding-top: 117%;\n  }\n}\n<\/style>\n  <\/div>\n\n\n\t\t<\/div>\n\t\t\t\t\t<\/div>\n\n\t\n\n\t<div id=\"col-1265519261\" class=\"col hide-for-small medium-6 small-12 large-5\"  data-animate=\"flipInX\">\n\t\t\t\t<div class=\"col-inner\"  >\n\t\t\t\n\t\t\t\n\n  <div class=\"banner has-hover\" id=\"banner-1469902434\">\n          <div class=\"banner-inner fill\">\n        <div class=\"banner-bg fill\" >\n            <div class=\"bg fill bg-fill \"><\/div>\n                                    \n                    <\/div>\n\t\t\n        <div class=\"banner-layers container\">\n            <div class=\"fill banner-link\"><\/div>            \n        <\/div>\n      <\/div>\n\n            \n<style>\n#banner-1469902434 {\n  padding-top: 60%;\n  background-color: rgba(0, 0, 0, 0);\n}\n#banner-1469902434 .bg.bg-loaded {\n  background-image: url(https:\/\/ocaminhoeducado.com.br\/wp-content\/uploads\/2026\/02\/O-Projeto-Imagem-1-1024x1024.png);\n}\n@media (min-width:550px) {\n  #banner-1469902434 {\n    padding-top: 76%;\n  }\n}\n@media (min-width:850px) {\n  #banner-1469902434 {\n    padding-top: 87%;\n  }\n}\n<\/style>\n  <\/div>\n\n\n\t\t<\/div>\n\t\t\t\t\t<\/div>\n\n\t\n<\/div>\n<div class=\"row align-right\"  id=\"row-329780647\">\n\n\t<div id=\"col-1395625682\" class=\"col medium-7 small-12 large-7\"  data-animate=\"flipInX\">\n\t\t\t\t<div class=\"col-inner\"  >\n\t\t\t\n\t\t\t\n\n  <div class=\"banner has-hover\" id=\"banner-1948363099\">\n          <div class=\"banner-inner fill\">\n        <div class=\"banner-bg fill\" >\n            <div class=\"bg fill bg-fill \"><\/div>\n                                    \n                    <\/div>\n\t\t\n        <div class=\"banner-layers container\">\n            <div class=\"fill banner-link\"><\/div>            \n        <\/div>\n      <\/div>\n\n            \n<style>\n#banner-1948363099 {\n  padding-top: 60%;\n  background-color: rgba(0, 0, 0, 0);\n}\n#banner-1948363099 .bg.bg-loaded {\n  background-image: url(https:\/\/ocaminhoeducado.com.br\/wp-content\/uploads\/2026\/01\/Imagem-04-1024x576.jpeg);\n}\n@media (min-width:550px) {\n  #banner-1948363099 {\n    padding-top: 75%;\n  }\n}\n<\/style>\n  <\/div>\n\n\n\t\t<\/div>\n\t\t\t\t\n<style>\n#col-1395625682 > .col-inner {\n  margin: 0 0px 0px 0px;\n}\n@media (min-width:550px) {\n  #col-1395625682 > .col-inner {\n    margin: -290px 0px 0px 0px;\n  }\n}\n@media (min-width:850px) {\n  #col-1395625682 > .col-inner {\n    margin: -165px 0px 0px 0px;\n  }\n}\n<\/style>\n\t<\/div>\n\n\t\n<\/div>\n\t\t<\/div>\n\t\t\t\t\t<\/div>\n\n\t\n\n\t<div id=\"col-1701552594\" class=\"col medium-12 small-12 large-6\"  data-animate=\"bounceInUp\">\n\t\t\t\t<div class=\"col-inner\"  >\n\t\t\t\n\t\t\t\n\t<div id=\"text-2738006497\" class=\"text\">\n\t\t\n<h2>O Projeto<\/h2>\n\t\t\n<style>\n#text-2738006497 {\n  font-size: 1.3rem;\n  color: #12326b;\n}\n#text-2738006497 > * {\n  color: #12326b;\n}\n<\/style>\n\t<\/div>\n\t\n\t<div id=\"text-169441271\" class=\"text\">\n\t\t\n<p>O Caminho Educado \u00e9 um projeto dedicado \u00e0 reflex\u00e3o, ao debate e \u00e0 valoriza\u00e7\u00e3o da educa\u00e7\u00e3o como um direito fundamental e elemento essencial para o desenvolvimento humano e social. A iniciativa nasce com o prop\u00f3sito de lan\u00e7ar luz sobre temas centrais da educa\u00e7\u00e3o brasileira, por meio de uma abordagem direta, acess\u00edvel e cr\u00edtica, ampliando o di\u00e1logo para abarcar tamb\u00e9m quest\u00f5es correlatas, como cultura, meio ambiente e outras dimens\u00f5es fundamentais da sociedade contempor\u00e2nea.<\/p>\n<p>O projeto produz e exibe conte\u00fados audiovisuais originais, com publica\u00e7\u00f5es semanais, al\u00e9m de disponibilizar todo o material em uma plataforma digital pr\u00f3pria e em seu canal no YouTube. A proposta \u00e9 criar um espa\u00e7o de di\u00e1logo aberto, informativo e formador, conectando diferentes vozes em torno da educa\u00e7\u00e3o.<\/p>\n\t\t\n<style>\n#text-169441271 {\n  color: rgb(0,0,0);\n}\n#text-169441271 > * {\n  color: rgb(0,0,0);\n}\n<\/style>\n\t<\/div>\n\t\n<a href=\"https:\/\/www.instagram.com\/ocaminho.educado\" target=\"_blank\" class=\"button primary\" rel=\"noopener\"  style=\"border-radius:10px;\">\n    <span>siga-nos<\/span>\n  <i class=\"icon-instagram\" aria-hidden=\"true\" ><\/i><\/a>\n\n\t\t<\/div>\n\t\t\t\t\n<style>\n#col-1701552594 > .col-inner {\n  padding: 0px 0 0px 0px;\n}\n@media (min-width:550px) {\n  #col-1701552594 > .col-inner {\n    padding: 0px 10% 0px 0px;\n  }\n}\n@media (min-width:850px) {\n  #col-1701552594 > .col-inner {\n    padding: 0px 0px 0px 7%;\n  }\n}\n<\/style>\n\t<\/div>\n\n\t\n<\/div>\n\t\t<\/div>\n\n\t\t\n<style>\n#section_798721919 {\n  padding-top: 30px;\n  padding-bottom: 30px;\n}\n<\/style>\n\t<\/section>\n\t\n\n<div id=\"videos\"><\/div>\n\n\n\t<section class=\"section\" id=\"section_87051359\">\n\t\t<div class=\"bg section-bg fill bg-fill  bg-loaded\" >\n\n\t\t\t\n\t\t\t\n\t\t\t\n\n\t\t<\/div>\n\n\t\t\t<div class=\"ux-shape-divider ux-shape-divider--top ux-shape-divider--style-book-invert\">\n\t\t<svg viewBox=\"0 0 1200 120\" xmlns=\"http:\/\/www.w3.org\/2000\/svg\" preserveAspectRatio=\"none\">\n  <path class=\"ux-shape-fill\" d=\"M908.5 120H291.5C533.5 120 589.054 34.8819 600 4C610.945 34.8819 666.5 120 908.5 120Z\"\/>\n<\/svg>\n\n\t<\/div>\n\n\n\t\t<div class=\"section-content relative\">\n\t\t\t\n\t<div id=\"gap-1708511646\" class=\"gap-element clearfix\" style=\"display:block; height:auto;\">\n\t\t\n<style>\n#gap-1708511646 {\n  padding-top: 30px;\n}\n<\/style>\n\t<\/div>\n\t\n<div class=\"row row-small row-full-width\"  id=\"row-81261148\">\n\n\t<div id=\"col-1076297708\" class=\"col small-12 large-12\"  data-animate=\"fadeInDown\">\n\t\t\t\t<div class=\"col-inner\"  >\n\t\t\t\n\t\t\t\n\t<div id=\"text-167656036\" class=\"text\">\n\t\t\n<h2>V\u00eddeos<\/h2>\n\t\t\n<style>\n#text-167656036 {\n  font-size: 1.3rem;\n  text-align: center;\n  color: rgb(0,0,0);\n}\n#text-167656036 > * {\n  color: rgb(0,0,0);\n}\n<\/style>\n\t<\/div>\n\t\n\t\t<\/div>\n\t\t\t\t\t<\/div>\n\n\t\n\n\t<div id=\"col-308026000\" class=\"col medium-3 small-12 large-3\"  data-animate=\"bounceInLeft\">\n\t\t\t\t<div class=\"col-inner\"  >\n\t\t\t\n\t\t\t\n<div class=\"video video-fit mb\" style=\"padding-top:56.25%;\"><p><iframe loading=\"lazy\" title=\"Educa\u00e7\u00e3o, cr\u00edtica e liberdade: o que est\u00e1 em jogo\" width=\"1020\" height=\"574\" src=\"https:\/\/www.youtube.com\/embed\/3YMHsQMsdco?feature=oembed\" frameborder=\"0\" allow=\"accelerometer; autoplay; clipboard-write; encrypted-media; gyroscope; picture-in-picture; web-share\" referrerpolicy=\"strict-origin-when-cross-origin\" allowfullscreen><\/iframe><\/p>\n<\/div>\n\t<div id=\"text-2101226658\" class=\"text\">\n\t\t\n<p>Vivemos em uma era de transforma\u00e7\u00f5es r\u00e1pidas: avan\u00e7os tecnol\u00f3gicos, mudan\u00e7as sociais e um fluxo intenso de informa\u00e7\u00f5es. Nesse cen\u00e1rio, a educa\u00e7\u00e3o deixa de ser apenas transmiss\u00e3o de conte\u00fado \u2014 ela se torna a base para formar uma sociedade cr\u00edtica, consciente e preparada para o futuro.<\/p>\n\t\t\n<style>\n#text-2101226658 {\n  color: rgb(0,0,0);\n}\n#text-2101226658 > * {\n  color: rgb(0,0,0);\n}\n<\/style>\n\t<\/div>\n\t\n\t\t<\/div>\n\t\t\t\t\t<\/div>\n\n\t\n\n\t<div id=\"col-1917114329\" class=\"col medium-3 small-12 large-3\"  data-animate=\"bounceInLeft\">\n\t\t\t\t<div class=\"col-inner\"  >\n\t\t\t\n\t\t\t\n<div class=\"video video-fit mb\" style=\"padding-top:56.25%;\"><p><iframe loading=\"lazy\" title=\"O maior problema da educa\u00e7\u00e3o no Brasil (e como resolver)\" width=\"1020\" height=\"574\" src=\"https:\/\/www.youtube.com\/embed\/SBb3ikf6K6Y?feature=oembed\" frameborder=\"0\" allow=\"accelerometer; autoplay; clipboard-write; encrypted-media; gyroscope; picture-in-picture; web-share\" referrerpolicy=\"strict-origin-when-cross-origin\" allowfullscreen><\/iframe><\/p>\n<\/div>\n\t<div id=\"text-2014764446\" class=\"text\">\n\t\t\n<p>Neste v\u00eddeo, analisamos os principais desafios da educa\u00e7\u00e3o brasileira, como a evas\u00e3o escolar, a desigualdade de acesso, a valoriza\u00e7\u00e3o dos professores e o impacto da tecnologia no ensino. Tamb\u00e9m discutimos caminhos poss\u00edveis para uma educa\u00e7\u00e3o mais inclusiva, cr\u00edtica e conectada com a realidade dos estudantes.<\/p>\n\t\t\n<style>\n#text-2014764446 {\n  color: rgb(0,0,0);\n}\n#text-2014764446 > * {\n  color: rgb(0,0,0);\n}\n<\/style>\n\t<\/div>\n\t\n\t\t<\/div>\n\t\t\t\t\t<\/div>\n\n\t\n\n\t<div id=\"col-1049765457\" class=\"col medium-3 small-12 large-3\"  data-animate=\"bounceInLeft\">\n\t\t\t\t<div class=\"col-inner\"  >\n\t\t\t\n\t\t\t\n<div class=\"video video-fit mb\" style=\"padding-top:56.25%;\"><p><iframe loading=\"lazy\" title=\"O Instrumento Milenar de 5.000 Anos Que Ainda Supera Calculadoras\" width=\"1020\" height=\"574\" src=\"https:\/\/www.youtube.com\/embed\/CaEoI0qX3H4?feature=oembed\" frameborder=\"0\" allow=\"accelerometer; autoplay; clipboard-write; encrypted-media; gyroscope; picture-in-picture; web-share\" referrerpolicy=\"strict-origin-when-cross-origin\" allowfullscreen><\/iframe><\/p>\n<\/div>\n\t<div id=\"text-3065685454\" class=\"text\">\n\t\t\n<p>Voc\u00ea conhece o sorob\u00e3? Esse instrumento milenar de c\u00e1lculo atravessou s\u00e9culos e continua sendo usado at\u00e9 hoje \u2014 inclusive no Brasil, como ferramenta oficial de ensino para pessoas com defici\u00eancia visual.<\/p>\n\t\t\n<style>\n#text-3065685454 {\n  color: rgb(0,0,0);\n}\n#text-3065685454 > * {\n  color: rgb(0,0,0);\n}\n<\/style>\n\t<\/div>\n\t\n\t\t<\/div>\n\t\t\t\t\t<\/div>\n\n\t\n\n\t<div id=\"col-720044290\" class=\"col medium-3 small-12 large-3\"  data-animate=\"bounceInLeft\">\n\t\t\t\t<div class=\"col-inner\"  >\n\t\t\t\n\t\t\t\n<div class=\"video video-fit mb\" style=\"padding-top:56.25%;\"><p><iframe loading=\"lazy\" title=\"Filosofia nas escolas: por que tirar ela muda o futuro do Brasil?\" width=\"1020\" height=\"574\" src=\"https:\/\/www.youtube.com\/embed\/GU6sSY_Y-d4?feature=oembed\" frameborder=\"0\" allow=\"accelerometer; autoplay; clipboard-write; encrypted-media; gyroscope; picture-in-picture; web-share\" referrerpolicy=\"strict-origin-when-cross-origin\" allowfullscreen><\/iframe><\/p>\n<\/div>\n\t<div id=\"text-1733002701\" class=\"text\">\n\t\t\n<p>A presen\u00e7a \u2014 ou aus\u00eancia \u2014 da Filosofia nas escolas brasileiras vai muito al\u00e9m de uma decis\u00e3o curricular. Ela revela que tipo de sociedade queremos construir. Neste v\u00eddeo, voc\u00ea vai entender como a Filosofia contribui para o desenvolvimento do pensamento cr\u00edtico, da \u00e9tica e da cidadania \u2014 compet\u00eancias essenciais em uma democracia. Exploramos tamb\u00e9m a trajet\u00f3ria da disciplina no Brasil, desde sua retirada durante o per\u00edodo da ditadura, at\u00e9 sua retomada com a Lei n\u00ba 11.684 de 2008.<\/p>\n\t\t\n<style>\n#text-1733002701 {\n  color: rgb(0,0,0);\n}\n#text-1733002701 > * {\n  color: rgb(0,0,0);\n}\n<\/style>\n\t<\/div>\n\t\n\t\t<\/div>\n\t\t\t\t\t<\/div>\n\n\t\n<\/div>\n\t\t<\/div>\n\n\t\t\n<style>\n#section_87051359 {\n  padding-top: 30px;\n  padding-bottom: 30px;\n  background-color: rgb(213, 213, 213);\n}\n#section_87051359 .ux-shape-divider--top svg {\n  height: 35px;\n  --divider-top-width: 236%;\n}\n<\/style>\n\t<\/section>\n\t\n\n<div id=\"conhecimento\"><\/div>\n\n\t<section class=\"section\" id=\"section_990291943\">\n\t\t<div class=\"bg section-bg fill bg-fill  bg-loaded\" >\n\n\t\t\t\n\t\t\t\n\t\t\t\n\n\t\t<\/div>\n\n\t\t\n\n\t\t<div class=\"section-content relative\">\n\t\t\t\n<div class=\"row align-middle\"  id=\"row-726949627\">\n\n\t<div id=\"col-2017950201\" class=\"col medium-7 small-12 large-7\"  data-animate=\"fadeInRight\">\n\t\t\t\t<div class=\"col-inner\"  >\n\t\t\t\n\t\t\t\n\t<div id=\"gap-2117594535\" class=\"gap-element clearfix\" style=\"display:block; height:auto;\">\n\t\t\n<style>\n#gap-2117594535 {\n  padding-top: 30px;\n}\n<\/style>\n\t<\/div>\n\t\n\t<div id=\"text-246104091\" class=\"text\">\n\t\t\n<h2>A Import\u00e2ncia do Conhecimento<\/h2>\n\t\t\n<style>\n#text-246104091 {\n  font-size: 1.3rem;\n  text-align: left;\n  color: #12326b;\n}\n#text-246104091 > * {\n  color: #12326b;\n}\n<\/style>\n\t<\/div>\n\t\n\t<div id=\"text-3505141122\" class=\"text\">\n\t\t\n<p>A educa\u00e7\u00e3o \u00e9 um processo cont\u00ednuo que se constr\u00f3i nas rela\u00e7\u00f5es escolares, familiares e sociais. Mais do que transmiss\u00e3o de conte\u00fado, ela desenvolve o pensamento cr\u00edtico, fortalece a cidadania e amplia as possibilidades de transforma\u00e7\u00e3o individual e coletiva. \u00c9 por meio da educa\u00e7\u00e3o que aprendemos a interpretar o mundo, a conviver com as diferen\u00e7as e a participar ativamente da vida em comunidade, construindo valores como respeito, empatia e responsabilidade social.<\/p>\n<p>Em um cen\u00e1rio marcado por desafios como evas\u00e3o escolar, desigualdade de acesso, viol\u00eancia nas escolas e dificuldades na forma\u00e7\u00e3o docente, o conhecimento se torna uma ferramenta indispens\u00e1vel para compreender a realidade e buscar solu\u00e7\u00f5es. Esses desafios n\u00e3o afetam apenas o ambiente educacional, mas refletem quest\u00f5es mais amplas da sociedade, exigindo di\u00e1logo, informa\u00e7\u00e3o de qualidade e a\u00e7\u00f5es integradas entre poder p\u00fablico, educadores, fam\u00edlias e comunidade.<\/p>\n<p>O Caminho Educado acredita que refletir sobre educa\u00e7\u00e3o \u00e9 tamb\u00e9m refletir sobre o futuro da sociedade. Ao promover debates, compartilhar experi\u00eancias e dar visibilidade a iniciativas transformadoras, o projeto busca contribuir para a constru\u00e7\u00e3o de uma educa\u00e7\u00e3o mais inclusiva, democr\u00e1tica e humanizada. Entendemos que investir em educa\u00e7\u00e3o \u00e9 investir em pessoas, em oportunidades e em um amanh\u00e3 mais consciente, no qual cada indiv\u00edduo possa desenvolver plenamente seu potencial e exercer sua cidadania de forma ativa.<\/p>\n\t\t\n<style>\n#text-3505141122 {\n  color: rgb(0,0,0);\n}\n#text-3505141122 > * {\n  color: rgb(0,0,0);\n}\n<\/style>\n\t<\/div>\n\t\n\t\t<\/div>\n\t\t\t\t\n<style>\n#col-2017950201 > .col-inner {\n  padding: 0px 1% 0px 1%;\n}\n@media (min-width:550px) {\n  #col-2017950201 > .col-inner {\n    padding: 0px 2% 0px 2%;\n  }\n}\n@media (min-width:850px) {\n  #col-2017950201 > .col-inner {\n    padding: 0px 0px 0px 10%;\n  }\n}\n<\/style>\n\t<\/div>\n\n\t\n\n\t<div id=\"col-1428688462\" class=\"col medium-5 small-12 large-5\"  data-animate=\"flipInY\">\n\t\t\t\t<div class=\"col-inner\"  >\n\t\t\t\n\t\t\t\n\n  <div class=\"banner has-hover\" id=\"banner-1483846004\">\n          <div class=\"banner-inner fill\">\n        <div class=\"banner-bg fill\" >\n            <div class=\"bg fill bg-fill \"><\/div>\n                                    \n                    <\/div>\n\t\t\n        <div class=\"banner-layers container\">\n            <div class=\"fill banner-link\"><\/div>            \n        <\/div>\n      <\/div>\n\n            \n<style>\n#banner-1483846004 {\n  padding-top: 400px;\n  background-color: rgb(255, 255, 255);\n}\n#banner-1483846004 .bg.bg-loaded {\n  background-image: url(https:\/\/ocaminhoeducado.com.br\/wp-content\/uploads\/2026\/01\/Imagem-20-910x1024.png);\n}\n@media (min-width:550px) {\n  #banner-1483846004 {\n    padding-top: 600px;\n  }\n}\n<\/style>\n  <\/div>\n\n\n\t\t<\/div>\n\t\t\t\t\t<\/div>\n\n\t\n<\/div>\n\t\t<\/div>\n\n\t\t\n<style>\n#section_990291943 {\n  padding-top: 30px;\n  padding-bottom: 30px;\n}\n<\/style>\n\t<\/section>\n\t\n\n<div id=\"contato\"><\/div>\n\n\t<section class=\"section\" id=\"section_301594177\">\n\t\t<div class=\"bg section-bg fill bg-fill  bg-loaded\" >\n\n\t\t\t\n\t\t\t<div class=\"section-bg-overlay absolute fill\"><\/div>\n\t\t\t\n\n\t\t<\/div>\n\n\t\t\n\n\t\t<div class=\"section-content relative\">\n\t\t\t\n\t<div id=\"gap-343815608\" class=\"gap-element clearfix\" style=\"display:block; height:auto;\">\n\t\t\n<style>\n#gap-343815608 {\n  padding-top: 30px;\n}\n<\/style>\n\t<\/div>\n\t\n<div class=\"row\"  id=\"row-684306994\">\n\n\t<div id=\"col-1269445383\" class=\"col medium-6 small-12 large-5\"  data-animate=\"bounceInRight\">\n\t\t\t\t<div class=\"col-inner\"  >\n\t\t\t\n\t\t\t\n\t<div id=\"text-2779940877\" class=\"text\">\n\t\t\n<h2>Contato <\/h2>\n\t\t\n<style>\n#text-2779940877 {\n  font-size: 1.3rem;\n  text-align: left;\n  color: rgb(255,255,255);\n}\n#text-2779940877 > * {\n  color: rgb(255,255,255);\n}\n<\/style>\n\t<\/div>\n\t\n\t<div id=\"text-1954692678\" class=\"text\">\n\t\t\n<p>O <strong>O Caminho Educado<\/strong> \u00e9 um espa\u00e7o aberto ao di\u00e1logo e \u00e0 colabora\u00e7\u00e3o. Se voc\u00ea deseja acompanhar o projeto, enviar sugest\u00f5es, participar das discuss\u00f5es ou estabelecer parcerias, entre em contato conosco.<\/p>\n<p>Sua contribui\u00e7\u00e3o \u00e9 fundamental para fortalecer a constru\u00e7\u00e3o de um debate plural, cr\u00edtico e comprometido com a melhoria da educa\u00e7\u00e3o em nosso pa\u00eds.<\/p>\n\t\t\n<style>\n#text-1954692678 {\n  color: rgb(255,255,255);\n}\n#text-1954692678 > * {\n  color: rgb(255,255,255);\n}\n<\/style>\n\t<\/div>\n\t\n\t\t<\/div>\n\t\t\t\t\t<\/div>\n\n\t\n\n\t<div id=\"col-1085475017\" class=\"col medium-6 small-12 large-7\"  data-animate=\"bounceInLeft\">\n\t\t\t\t<div class=\"col-inner dark\"  >\n\t\t\t\n\t\t\t\n\n<div class=\"wpcf7 no-js\" id=\"wpcf7-f232-o1\" lang=\"pt-BR\" dir=\"ltr\" data-wpcf7-id=\"232\">\n<div class=\"screen-reader-response\"><p role=\"status\" aria-live=\"polite\" aria-atomic=\"true\"><\/p> <ul><\/ul><\/div>\n<form action=\"\/index.php?rest_route=%2Fwp%2Fv2%2Fpages%2F7#wpcf7-f232-o1\" method=\"post\" class=\"wpcf7-form init\" aria-label=\"Formul\u00e1rios de contato\" novalidate=\"novalidate\" data-status=\"init\">\n<fieldset class=\"hidden-fields-container\"><input type=\"hidden\" name=\"_wpcf7\" value=\"232\" \/><input type=\"hidden\" name=\"_wpcf7_version\" value=\"6.1.5\" \/><input type=\"hidden\" name=\"_wpcf7_locale\" value=\"pt_BR\" \/><input type=\"hidden\" name=\"_wpcf7_unit_tag\" value=\"wpcf7-f232-o1\" \/><input type=\"hidden\" name=\"_wpcf7_container_post\" value=\"0\" \/><input type=\"hidden\" name=\"_wpcf7_posted_data_hash\" value=\"\" \/>\n<\/fieldset>\n<p><label> Seu nome (obrigat\u00f3rio)<br \/>\n<span class=\"wpcf7-form-control-wrap\" data-name=\"your-name\"><input size=\"40\" maxlength=\"400\" class=\"wpcf7-form-control wpcf7-text wpcf7-validates-as-required\" aria-required=\"true\" aria-invalid=\"false\" value=\"\" type=\"text\" name=\"your-name\" \/><\/span> <\/label>\n<\/p>\n<p><label> Seu e-mail (obrigat\u00f3rio)<br \/>\n<span class=\"wpcf7-form-control-wrap\" data-name=\"your-email\"><input size=\"40\" maxlength=\"400\" class=\"wpcf7-form-control wpcf7-email wpcf7-validates-as-required wpcf7-text wpcf7-validates-as-email\" aria-required=\"true\" aria-invalid=\"false\" value=\"\" type=\"email\" name=\"your-email\" \/><\/span> <\/label>\n<\/p>\n<p><label> Assunto<br \/>\n<span class=\"wpcf7-form-control-wrap\" data-name=\"your-subject\"><input size=\"40\" maxlength=\"400\" class=\"wpcf7-form-control wpcf7-text\" aria-invalid=\"false\" value=\"\" type=\"text\" name=\"your-subject\" \/><\/span> <\/label>\n<\/p>\n<p><label> Sua mensagem<br \/>\n<span class=\"wpcf7-form-control-wrap\" data-name=\"your-message\"><textarea cols=\"40\" rows=\"10\" maxlength=\"2000\" class=\"wpcf7-form-control wpcf7-textarea\" aria-invalid=\"false\" name=\"your-message\"><\/textarea><\/span> <\/label>\n<\/p>\n<p><input class=\"wpcf7-form-control wpcf7-submit has-spinner\" type=\"submit\" value=\"Enviar\" \/>\n<\/p><div class=\"wpcf7-response-output\" aria-hidden=\"true\"><\/div>\n<\/form>\n<\/div>\n\n\t\t<\/div>\n\t\t\t\t\t<\/div>\n\n\t\n<\/div>\n\t\t<\/div>\n\n\t\t\n<style>\n#section_301594177 {\n  padding-top: 30px;\n  padding-bottom: 30px;\n}\n#section_301594177 .section-bg-overlay {\n  background-color: #12326b;\n}\n<\/style>\n\t<\/section>\n\t\n","protected":false},"excerpt":{"rendered":"","protected":false},"author":4,"featured_media":0,"parent":0,"menu_order":0,"comment_status":"closed","ping_status":"closed","template":"page-blank.php","meta":{"footnotes":""},"class_list":["post-7","page","type-page","status-publish","hentry"],"_links":{"self":[{"href":"https:\/\/ocaminhoeducado.com.br\/index.php?rest_route=\/wp\/v2\/pages\/7","targetHints":{"allow":["GET"]}}],"collection":[{"href":"https:\/\/ocaminhoeducado.com.br\/index.php?rest_route=\/wp\/v2\/pages"}],"about":[{"href":"https:\/\/ocaminhoeducado.com.br\/index.php?rest_route=\/wp\/v2\/types\/page"}],"author":[{"embeddable":true,"href":"https:\/\/ocaminhoeducado.com.br\/index.php?rest_route=\/wp\/v2\/users\/4"}],"replies":[{"embeddable":true,"href":"https:\/\/ocaminhoeducado.com.br\/index.php?rest_route=%2Fwp%2Fv2%2Fcomments&post=7"}],"version-history":[{"count":161,"href":"https:\/\/ocaminhoeducado.com.br\/index.php?rest_route=\/wp\/v2\/pages\/7\/revisions"}],"predecessor-version":[{"id":426,"href":"https:\/\/ocaminhoeducado.com.br\/index.php?rest_route=\/wp\/v2\/pages\/7\/revisions\/426"}],"wp:attachment":[{"href":"https:\/\/ocaminhoeducado.com.br\/index.php?rest_route=%2Fwp%2Fv2%2Fmedia&parent=7"}],"curies":[{"name":"wp","href":"https:\/\/api.w.org\/{rel}","templated":true}]}}